{"id":9,"date":"2014-07-21T12:19:11","date_gmt":"2014-07-21T12:19:11","guid":{"rendered":"http:\/\/santasmasas.codeteam.es\/?page_id=5"},"modified":"2023-03-09T18:05:31","modified_gmt":"2023-03-09T18:05:31","slug":"index","status":"publish","type":"page","link":"https:\/\/santasmasas.com\/","title":{"rendered":"index"},"content":{"rendered":"<h1 style=\"text-align: justify;\"><strong>\u00a0Santas Masas<\/strong><\/h1>\n<p style=\"text-align: justify;\"><span style=\"color: #696969;\"><span style=\"font-family: Arial, serif;\"><span style=\"font-size: small;\"><b>Agropecuaria Santas Masas S.L.,<\/b><\/span><\/span><\/span><span style=\"color: #696969;\"><span style=\"font-family: Arial, serif;\"><span style=\"font-size: small;\">\u00a0es una empresa familiar fundada en los a\u00f1os 90 dedicada principalmente a todo lo relacionado con el ganado vacuno. La sede social y oficinas de la empresa se encuentran ubicadas en Santas Masas, municipio de Castigaleu(Huesca).<\/span><\/span><\/span><\/p>\n<p style=\"text-align: justify;\"><span style=\"color: #696969;\"><span style=\"font-family: Arial, serif;\"><span style=\"font-size: small;\">En la actualidad es una empresa muy diversificada con diferentes ramas de actividad, siendo la producci\u00f3n y engorde de ganado, la comercializaci\u00f3n de mamones y pasteros para engorde, la comercializaci\u00f3n de ganado para sacrificio y el comercio de canales frescas y certificaciones, las principales actividades<\/span><\/span><\/span><span style=\"font-family: 'Times New Roman', serif;\"><span style=\"font-size: medium;\">.<\/span><\/span><\/p>\n<p style=\"text-align: justify;\"><span style=\"color: #696969;\"><span style=\"font-family: Arial, serif;\"><span style=\"font-size: small;\">Es una empresa muy fuerte, con una gran solera y referente en el sector agroalimentario espa\u00f1ol.<\/span><\/span><\/span><\/p>\n<p style=\"text-align: justify;\"><span style=\"color: #696969;\"><span style=\"font-family: Arial, serif;\"><span style=\"font-size: small;\">Cuenta con un departamento de I+D+I y veterinarios para el desarrollo de nuevas tecnolog\u00edas alimenticias, haciendo la alimentaci\u00f3n m\u00e1s sana y de calidad. As\u00ed c\u00f3mo en el trato hacia los animales como en sus cuidados y atenciones. Lo m\u00e1s importante para nuestra empresa son los animales y su bienestar as\u00ed como las personas a las que van destinados nuestros productos.<\/span><\/span><\/span><\/p>\n","protected":false},"excerpt":{"rendered":"<p>\u00a0Santas Masas Agropecuaria Santas Masas S.L.,\u00a0es una empresa familiar fundada en los a\u00f1os 90 dedicada principalmente a todo lo relacionado con el ganado vacuno. La sede social y oficinas de la empresa se encuentran ubicadas en Santas Masas, municipio de Castigaleu(Huesca). En la actualidad es una empresa muy diversificada con diferentes ramas de actividad, siendo [&hellip;]<\/p>\n","protected":false},"author":1,"featured_media":0,"parent":0,"menu_order":52,"comment_status":"closed","ping_status":"open","template":"","meta":[],"_links":{"self":[{"href":"https:\/\/santasmasas.com\/index.php?rest_route=\/wp\/v2\/pages\/9"}],"collection":[{"href":"https:\/\/santasmasas.com\/index.php?rest_route=\/wp\/v2\/pages"}],"about":[{"href":"https:\/\/santasmasas.com\/index.php?rest_route=\/wp\/v2\/types\/page"}],"author":[{"embeddable":true,"href":"https:\/\/santasmasas.com\/index.php?rest_route=\/wp\/v2\/users\/1"}],"replies":[{"embeddable":true,"href":"https:\/\/santasmasas.com\/index.php?rest_route=%2Fwp%2Fv2%2Fcomments&post=9"}],"version-history":[{"count":4,"href":"https:\/\/santasmasas.com\/index.php?rest_route=\/wp\/v2\/pages\/9\/revisions"}],"predecessor-version":[{"id":3102,"href":"https:\/\/santasmasas.com\/index.php?rest_route=\/wp\/v2\/pages\/9\/revisions\/3102"}],"wp:attachment":[{"href":"https:\/\/santasmasas.com\/index.php?rest_route=%2Fwp%2Fv2%2Fmedia&parent=9"}],"curies":[{"name":"wp","href":"https:\/\/api.w.org\/{rel}","templated":true}]}}