{"id":869,"date":"2018-07-20T16:43:08","date_gmt":"2018-07-20T16:43:08","guid":{"rendered":"http:\/\/santasmasas.codeteam.es\/?page_id=869"},"modified":"2023-03-09T18:05:32","modified_gmt":"2023-03-09T18:05:32","slug":"politique-de-confidentialite","status":"publish","type":"page","link":"https:\/\/santasmasas.com\/?page_id=869","title":{"rendered":"Politique de Confidentialit\u00e9"},"content":{"rendered":"<p style=\"text-align: justify;\"><b>Qui est responsable du traitement des donn\u00e9es personnelles?<\/b><\/p>\n<p style=\"text-align: justify;\"><b>Murillo Fresh Foods, S.L.<\/b><span style=\"font-weight: 400;\">, avec N.I.F. nombre B22345243, demeurant \u00e0 C \/ Messes, s \/ n &#8211; 22587 Castigaleu (Huesca), t\u00e9l\u00e9phone 9974544635 et email <\/span><a href=\"mailto:contabilidad@santasmasas.com\"><span style=\"font-weight: 400;\">contabilidad@santasmasas.com<\/span><\/a><span style=\"font-weight: 400;\"> est responsable du traitement des donn\u00e9es personnelles.<\/span><\/p>\n<p style=\"text-align: justify;\"><b>Dans quel but les donn\u00e9es personnelles sont-elles trait\u00e9es?<\/b><\/p>\n<p style=\"text-align: justify;\"><b>Murillo Fresh Foods, S.L.<\/b><span style=\"font-weight: 400;\"> traite les informations fournies aux fins suivantes:<\/span><\/p>\n<ul style=\"text-align: justify;\">\n<li style=\"font-weight: 400;\"><span style=\"font-weight: 400;\">R\u00e9pondez aux questions pos\u00e9es via le formulaire de contact sur notre site Web.<\/span><\/li>\n<li style=\"font-weight: 400;\"><span style=\"font-weight: 400;\">Recevoir les CV pr\u00e9sent\u00e9s \u00e0 travers la page Web pour participer aux processus s\u00e9lectifs organis\u00e9s par l&#8217;entreprise, les inclure dans l&#8217;\u00e9change d&#8217;emploi, pour l&#8217;\u00e9valuation de leur aptitude \u00e0 occuper le poste offert par l&#8217;entreprise.<\/span><\/li>\n<li style=\"font-weight: 400;\"><span style=\"font-weight: 400;\">Effectuer la gestion administrative, fiscale et comptable de l&#8217;entreprise.<\/span><\/li>\n<\/ul>\n<p style=\"text-align: justify;\"><b>L&#8217;information commerciale sera-t-elle envoy\u00e9e?<\/b><\/p>\n<p style=\"text-align: justify;\"><b>Murillo Fresh Foods, S.L<\/b><span style=\"font-weight: 400;\">. n&#8217;utilisera pas vos donn\u00e9es pour vous envoyer des informations commerciales.<\/span><\/p>\n<p style=\"text-align: justify;\"><b>Quel sera le terme ou crit\u00e8re de conservation des donn\u00e9es?<\/b><\/p>\n<p style=\"text-align: justify;\"><span style=\"font-weight: 400;\">Les donn\u00e9es fournies seront conserv\u00e9es tant que la relation commerciale est maintenue ou pendant les ann\u00e9es n\u00e9cessaires pour se conformer aux obligations l\u00e9gales.<\/span><\/p>\n<p style=\"text-align: justify;\"><span style=\"font-weight: 400;\">De m\u00eame, les donn\u00e9es du client seront conserv\u00e9es pendant les p\u00e9riodes \u00e9tablies par la loi 58\/2003, du 17 d\u00e9cembre, imp\u00f4t g\u00e9n\u00e9ral (normalement ils doivent \u00eatre conserv\u00e9s pendant le d\u00e9lai de prescription de la taxe). De plus, ils ont cr\u00e9\u00e9 de nouveaux types alourdis criminels impliquant l&#8217;extension du d\u00e9lai de prescription pour certains crimes contre la s\u00e9curit\u00e9 du Tr\u00e9sor et social qui exigent de plus en plus la dur\u00e9e de vie de la taxe, le travail et la documentation comptable au moins 10 ans.<\/span><\/p>\n<p style=\"text-align: justify;\"><span style=\"font-weight: 400;\">En ce qui concerne les curricula des candidats non retenus, la documentation doit \u00eatre conserv\u00e9e pendant une p\u00e9riode minimale de trois ans (article 5, section 1, lettre e); Consid\u00e9rant 39 RGPD), ou alors que la relation commerciale est maintenue.<\/span><\/p>\n<p style=\"text-align: justify;\"><span style=\"font-weight: 400;\">Par la suite, les donn\u00e9es seront supprim\u00e9es conform\u00e9ment aux r\u00e8gles relatives \u00e0 la protection des donn\u00e9es, ce qui implique le blocage, \u00e9tant disponible uniquement aux demandes des juges et des tribunaux, ombudsman, minist\u00e8re public ou les autorit\u00e9s publiques comp\u00e9tentes au cours de la p\u00e9riode de prescription des actions qui pourraient d\u00e9river et, apr\u00e8s ce temps, il proc\u00e9dera \u00e0 son \u00e9limination compl\u00e8te.<\/span><\/p>\n<p style=\"text-align: justify;\"><b>Quelle est la l\u00e9gitimit\u00e9 pour utiliser vos donn\u00e9es?<\/b><\/p>\n<p style=\"text-align: justify;\"><span style=\"font-weight: 400;\">Les bases l\u00e9gales pour le traitement des donn\u00e9es personnelles sont les suivantes:<\/span><\/p>\n<ul style=\"text-align: justify;\">\n<li style=\"font-weight: 400;\"><span style=\"font-weight: 400;\">Le consentement explicite et sans \u00e9quivoque de la partie int\u00e9ress\u00e9e \u00e0 traiter son curriculum vitae ou \u00e0 r\u00e9pondre \u00e0 toute question soulev\u00e9e par le site Web, en acceptant la politique de confidentialit\u00e9.<\/span><\/li>\n<li style=\"font-weight: 400;\"><span style=\"font-weight: 400;\">L&#8217;accomplissement d&#8217;une obligation l\u00e9gale: Loi 37\/1992, du 28 d\u00e9cembre, de la Taxe sur la Valeur Ajout\u00e9e, qui impose certains contenus dans les factures.<\/span><\/li>\n<li style=\"font-weight: 400;\"><span style=\"font-weight: 400;\">L&#8217;int\u00e9r\u00eat l\u00e9gitime du responsable.<\/span><\/li>\n<\/ul>\n<p style=\"text-align: justify;\"><b>\u00c0 quels destinataires les donn\u00e9es seront-elles communiqu\u00e9es?<\/b><\/p>\n<p style=\"text-align: justify;\"><span style=\"font-weight: 400;\">En outre, les donn\u00e9es seront transf\u00e9r\u00e9es \u00e0 des tiers dans les cas o\u00f9 il existe une obligation l\u00e9gale telle que: l&#8217;administration fiscale, pour la pr\u00e9sentation des taxes, ainsi que des banques et des cases pour la gestion des recouvrements et des paiements.<\/span><\/p>\n<p style=\"text-align: justify;\"><span style=\"font-weight: 400;\">Les donn\u00e9es personnelles ne seront pas envoy\u00e9es en dehors du p\u00e9rim\u00e8tre de l&#8217;Espace \u00e9conomique europ\u00e9en, il n&#8217;y aura donc pas de transfert international de donn\u00e9es.<\/span><\/p>\n<p style=\"text-align: justify;\"><b>Quels sont vos droits lorsque vous donnez votre consentement?<\/b><\/p>\n<p style=\"text-align: justify;\"><span style=\"font-weight: 400;\">Toute personne a le droit d&#8217;obtenir la confirmation que ses donn\u00e9es personnelles sont trait\u00e9es chez <\/span><b>Murill\u00f3 Fresh Foods, S.L.<\/b><\/p>\n<p style=\"text-align: justify;\"><span style=\"font-weight: 400;\">Les personnes int\u00e9ress\u00e9es ont le droit de:<\/span><\/p>\n<ul style=\"text-align: justify;\">\n<li style=\"font-weight: 400;\"><span style=\"font-weight: 400;\">Demander l&#8217;acc\u00e8s aux donn\u00e9es personnelles concernant la partie int\u00e9ress\u00e9e<\/span><\/li>\n<li style=\"font-weight: 400;\"><span style=\"font-weight: 400;\">Demande de rectification ou de suppression<\/span><\/li>\n<li style=\"font-weight: 400;\"><span style=\"font-weight: 400;\">Demander la limitation de votre traitement<\/span><\/li>\n<li style=\"font-weight: 400;\"><span style=\"font-weight: 400;\">S&#8217;opposer au traitement<\/span><\/li>\n<li style=\"font-weight: 400;\"><span style=\"font-weight: 400;\">Demander la portabilit\u00e9 des donn\u00e9es<\/span><\/li>\n<\/ul>\n<p style=\"text-align: justify;\"><span style=\"font-weight: 400;\">Les parties int\u00e9ress\u00e9es peuvent acc\u00e9der \u00e0 leurs donn\u00e9es personnelles, ainsi que demander la rectification de donn\u00e9es inexactes ou, le cas \u00e9ch\u00e9ant, demander leur suppression lorsque, entre autres raisons, les donn\u00e9es ne sont plus n\u00e9cessaires pour les fins qui ont \u00e9t\u00e9 recueillies.<\/span><\/p>\n<p style=\"text-align: justify;\"><span style=\"font-weight: 400;\">Dans certaines circonstances, les parties int\u00e9ress\u00e9es peuvent demander la limitation du traitement de leurs donn\u00e9es, auquel cas elles ne seront retenues que pour l&#8217;exercice ou la d\u00e9fense des cr\u00e9ances.<\/span><\/p>\n<p style=\"text-align: justify;\"><span style=\"font-weight: 400;\">Dans certaines circonstances et pour des raisons li\u00e9es \u00e0 leur situation particuli\u00e8re, les parties int\u00e9ress\u00e9es peuvent s&#8217;opposer au traitement de leurs donn\u00e9es. <\/span><b>Murillo Fresh Foods, S.L.<\/b><span style=\"font-weight: 400;\"> cessera de traiter les donn\u00e9es, sauf pour des raisons l\u00e9gitimes imp\u00e9rieuses, ou l&#8217;exercice ou la d\u00e9fense d&#8217;\u00e9ventuelles r\u00e9clamations. Ils peuvent \u00e9galement demander la portabilit\u00e9 de leurs donn\u00e9es.<\/span><\/p>\n<p style=\"text-align: justify;\"><span style=\"font-weight: 400;\">Les parties int\u00e9ress\u00e9es auront \u00e9galement droit \u00e0 une protection juridictionnelle effective et soumettront une demande aupr\u00e8s de l&#8217;autorit\u00e9 de contr\u00f4le, en l&#8217;occurrence l&#8217;Agence espagnole de protection des donn\u00e9es, si elles consid\u00e8rent que le traitement des donn\u00e9es personnelles les concernant enfreint le r\u00e8glement.<\/span><\/p>\n<p style=\"text-align: justify;\"><b>Comment les donn\u00e9es personnelles ont-elles \u00e9t\u00e9 obtenues?<\/b><\/p>\n<p style=\"text-align: justify;\"><span style=\"font-weight: 400;\">Les donn\u00e9es personnelles que <\/span><b>Murill\u00f3 Fresh Foods, S.L<\/b><span style=\"font-weight: 400;\">. Ils ont \u00e9t\u00e9 obtenus directement aupr\u00e8s du propri\u00e9taire de ces donn\u00e9es, via les formulaires de contact du site ou personnellement, dans nos installations.<\/span><\/p>\n<p style=\"text-align: justify;\"><span style=\"font-weight: 400;\">Les cat\u00e9gories de donn\u00e9es personnelles trait\u00e9es sont:<\/span><\/p>\n<ul style=\"text-align: justify;\">\n<li style=\"font-weight: 400;\"><span style=\"font-weight: 400;\">Donn\u00e9es d&#8217;identification,<\/span><\/li>\n<li style=\"font-weight: 400;\"><span style=\"font-weight: 400;\">Donn\u00e9es personnelles caract\u00e9ristiques,<\/span><\/li>\n<li style=\"font-weight: 400;\"><span style=\"font-weight: 400;\">Les donn\u00e9es des circonstances sociales,<\/span><\/li>\n<li style=\"font-weight: 400;\"><span style=\"font-weight: 400;\">Donn\u00e9es acad\u00e9miques et professionnelles<\/span><\/li>\n<li style=\"font-weight: 400;\"><span style=\"font-weight: 400;\">D\u00e9tails de l&#8217;emploi,<\/span><\/li>\n<li style=\"font-weight: 400;\"><span style=\"font-weight: 400;\">Donn\u00e9es \u00e9conomiques, financi\u00e8res ou d&#8217;assurance.<\/span><\/li>\n<\/ul>\n<p style=\"text-align: justify;\"><b>Quand puis-je exercer le droit de r\u00e9clamation devant l&#8217;autorit\u00e9 de contr\u00f4le?<\/b><\/p>\n<p style=\"text-align: justify;\"><span style=\"font-weight: 400;\">Vous pouvez d\u00e9poser une plainte aupr\u00e8s de l&#8217;autorit\u00e9 de contr\u00f4le de la protection des donn\u00e9es, en particulier lorsque vous n&#8217;avez pas obtenu satisfaction dans l&#8217;exercice de vos droits, en \u00e9crivant \u00e0 l&#8217;Agence espagnole pour la protection des donn\u00e9es, C \/ Jorge Juan n\u00ba 6, 28001 Madrid ou en acc\u00e9dant \u00e0 son si\u00e8ge \u00e9lectronique: <\/span><a href=\"https:\/\/sedeagpd.gob.es\/sede-electronica-web\/\"><span style=\"font-weight: 400;\">https:\/\/sedeagpd.gob.es\/sede-electronica-web\/<\/span><\/a><\/p>\n","protected":false},"excerpt":{"rendered":"<p>Qui est responsable du traitement des donn\u00e9es personnelles? Murillo Fresh Foods, S.L., avec N.I.F. nombre B22345243, demeurant \u00e0 C \/ Messes, s \/ n &#8211; 22587 Castigaleu (Huesca), t\u00e9l\u00e9phone 9974544635 et email contabilidad@santasmasas.com est responsable du traitement des donn\u00e9es personnelles. Dans quel but les donn\u00e9es personnelles sont-elles trait\u00e9es? Murillo Fresh Foods, S.L. traite les informations [&hellip;]<\/p>\n","protected":false},"author":1,"featured_media":0,"parent":0,"menu_order":72,"comment_status":"closed","ping_status":"closed","template":"","meta":[],"_links":{"self":[{"href":"https:\/\/santasmasas.com\/index.php?rest_route=\/wp\/v2\/pages\/869"}],"collection":[{"href":"https:\/\/santasmasas.com\/index.php?rest_route=\/wp\/v2\/pages"}],"about":[{"href":"https:\/\/santasmasas.com\/index.php?rest_route=\/wp\/v2\/types\/page"}],"author":[{"embeddable":true,"href":"https:\/\/santasmasas.com\/index.php?rest_route=\/wp\/v2\/users\/1"}],"replies":[{"embeddable":true,"href":"https:\/\/santasmasas.com\/index.php?rest_route=%2Fwp%2Fv2%2Fcomments&post=869"}],"version-history":[{"count":2,"href":"https:\/\/santasmasas.com\/index.php?rest_route=\/wp\/v2\/pages\/869\/revisions"}],"predecessor-version":[{"id":3116,"href":"https:\/\/santasmasas.com\/index.php?rest_route=\/wp\/v2\/pages\/869\/revisions\/3116"}],"wp:attachment":[{"href":"https:\/\/santasmasas.com\/index.php?rest_route=%2Fwp%2Fv2%2Fmedia&parent=869"}],"curies":[{"name":"wp","href":"https:\/\/api.w.org\/{rel}","templated":true}]}}