{"id":70,"date":"2014-07-24T12:01:22","date_gmt":"2014-07-24T12:01:22","guid":{"rendered":"http:\/\/santasmasas.codeteam.es\/?page_id=70"},"modified":"2023-03-09T18:05:29","modified_gmt":"2023-03-09T18:05:29","slug":"cebo-de-terneros","status":"publish","type":"page","link":"https:\/\/santasmasas.com\/?page_id=70","title":{"rendered":"CEBO DE TERNEROS"},"content":{"rendered":"<p style=\"text-align: justify;\">La principal actividad y punto fuerte de Agropecuaria Santas Masas, S.L., desde sus comienzos hasta la actualidad, ha sido la producci\u00f3n de <strong>carne de vacuno de la mejor calidad<\/strong>. Para ello dispone de granjas propias, y una gran red de granjas integradas, las cuales han sido seleccionadas tanto por sus instalaciones como por su capacidad t\u00e9cnica y experiencia en el manejo del ganado vacuno.<\/p>\n<p style=\"text-align: justify;\"><a href=\"http:\/\/santasmasas.com\/wp-content\/uploads\/2019\/08\/ELP4709-Copiar.jpg\"><img decoding=\"async\" loading=\"lazy\" class=\"aligncenter wp-image-615\" src=\"http:\/\/santasmasas.com\/wp-content\/uploads\/2019\/08\/ELP4709-Copiar.jpg\" alt=\"_ELP4709 (Copiar)\" width=\"600\" height=\"399\" \/><\/a><br \/>\nNuestro sistema productivo est\u00e1 basado es un estricto control de la alimentaci\u00f3n, la sanidad y el bienestar de los animales. Para ello realizamos:<\/p>\n<ul style=\"text-align: justify;\">\n<li>Selecci\u00f3n minuciosa de los animales, en los cuales tenemos especial inter\u00e9s en la gen\u00e9tica y estado del animal, explotaci\u00f3n origen y manejo.<\/li>\n<li>Estandarizaci\u00f3n y uniformidad de animales por razas y sistemas productivos. Aumentando as\u00ed las rotaciones y la producci\u00f3n, y reduciendo mucho los problemas. Todo esto facilita que a nuestros clientes les lleguen las canales<\/li>\n<li>Utilizaci\u00f3n solamente de granjas calificadas sanitariamente, para prevenir enfermedades como la tuberculosis, brucelosis, etc.<\/li>\n<li>Granjas certificadas por Santas Masas Quality, para asegurarnos que han recibido una correcta alimentaci\u00f3n y cuidado en funci\u00f3n de nuestros par\u00e1metros productivos.<\/li>\n<li>Control exhaustivo de la documentaci\u00f3n de los animales.<\/li>\n<li>Estricto control de la alimentaci\u00f3n, utilizando para cada tipo de animal y raza la f\u00f3rmula m\u00e1s adecuada y equilibrada a sus condiciones. Utilizando piensos y forrajes producidos por nosotros mismos, con materias primas de la m\u00e1s alta calidad.<\/li>\n<li>Control peri\u00f3dico exhaustivo por parte de nuestros veterinarios de todas las instalaciones. Controlando la sanidad de las explotaciones, vacunaciones\u2026<\/li>\n<\/ul>\n<p style=\"text-align: justify;\"><a href=\"http:\/\/santasmasas.com\/wp-content\/uploads\/2019\/08\/ELP4588-Copiar.jpg\"><img decoding=\"async\" loading=\"lazy\" class=\"aligncenter wp-image-808\" src=\"http:\/\/santasmasas.com\/wp-content\/uploads\/2019\/08\/ELP4588-Copiar.jpg\" alt=\"_ELP4588 (Copiar)\" width=\"600\" height=\"399\" \/><\/a> \t\t<span class=\"ait-sc-rule rule-basic\"><\/span>\n\t<\/p>\n<blockquote><p>\u201cEl ganado de la empresa Santas Masas debe su fama a la calidad\u00a0de sus carnes y al cuidado de su ganado\u201d<\/p><\/blockquote>\n<p style=\"text-align: justify;\">\t\t<span class=\"ait-sc-rule rule-basic\"><\/span>\n\t Nuestra empresa produce una amplia y diversa variedad de tipos de ganado, provenientes de nuestras propias vacas, de ganader\u00edas calificadas de toda la Pen\u00ednsula y de diferentes pa\u00edses de toda Europa. \u00a0De esta forma, podemos satisfacer las necesidades y peticiones de todos nuestros clientes, con independencia al mercado y caracter\u00edsticas que suministran. En nuestras instalaciones se producen desde ganado franc\u00e9s de la mejor gen\u00e9tica pasando por el ganado espa\u00f1ol de los pirineos, Montbeliard franc\u00e9s, simental de los pa\u00edses del Este o Fris\u00f3n de diversas procedencias, entre otros.<\/p>\n<p style=\"text-align: justify;\"><a href=\"http:\/\/santasmasas.com\/wp-content\/uploads\/2019\/08\/ELP2804-Copiar.jpg\"><img decoding=\"async\" loading=\"lazy\" class=\"aligncenter wp-image-807\" src=\"http:\/\/santasmasas.com\/wp-content\/uploads\/2019\/08\/ELP2804-Copiar.jpg\" alt=\"_ELP2804 (Copiar)\" width=\"600\" height=\"399\" \/><\/a><\/p>\n","protected":false},"excerpt":{"rendered":"<p>La principal actividad y punto fuerte de Agropecuaria Santas Masas, S.L., desde sus comienzos hasta la actualidad, ha sido la producci\u00f3n de carne de vacuno de la mejor calidad. Para ello dispone de granjas propias, y una gran red de granjas integradas, las cuales han sido seleccionadas tanto por sus instalaciones como por su capacidad [&hellip;]<\/p>\n","protected":false},"author":1,"featured_media":0,"parent":0,"menu_order":18,"comment_status":"closed","ping_status":"open","template":"","meta":[],"_links":{"self":[{"href":"https:\/\/santasmasas.com\/index.php?rest_route=\/wp\/v2\/pages\/70"}],"collection":[{"href":"https:\/\/santasmasas.com\/index.php?rest_route=\/wp\/v2\/pages"}],"about":[{"href":"https:\/\/santasmasas.com\/index.php?rest_route=\/wp\/v2\/types\/page"}],"author":[{"embeddable":true,"href":"https:\/\/santasmasas.com\/index.php?rest_route=\/wp\/v2\/users\/1"}],"replies":[{"embeddable":true,"href":"https:\/\/santasmasas.com\/index.php?rest_route=%2Fwp%2Fv2%2Fcomments&post=70"}],"version-history":[{"count":8,"href":"https:\/\/santasmasas.com\/index.php?rest_route=\/wp\/v2\/pages\/70\/revisions"}],"predecessor-version":[{"id":3481,"href":"https:\/\/santasmasas.com\/index.php?rest_route=\/wp\/v2\/pages\/70\/revisions\/3481"}],"wp:attachment":[{"href":"https:\/\/santasmasas.com\/index.php?rest_route=%2Fwp%2Fv2%2Fmedia&parent=70"}],"curies":[{"name":"wp","href":"https:\/\/api.w.org\/{rel}","templated":true}]}}