{"id":497,"date":"2018-01-07T18:18:10","date_gmt":"2018-01-07T18:18:10","guid":{"rendered":"http:\/\/santasmasas.codeteam.es\/?page_id=497"},"modified":"2023-03-09T18:05:30","modified_gmt":"2023-03-09T18:05:30","slug":"idi","status":"publish","type":"page","link":"https:\/\/santasmasas.com\/?page_id=497","title":{"rendered":"I+D+i"},"content":{"rendered":"<p style=\"text-align: justify;\"><strong>Agropecuaria Santas Masas, S.L.<\/strong>, posee un equipo de I+D+I propio, el cual est\u00e1 en continuo desarrollo. Se tienen diferentes l\u00edneas de investigaci\u00f3n y desarrollo, siempre enfocado al bienestar animal y salud humana. Esto se realiza mediante la colaboraci\u00f3n de universidades, como la de Zaragoza y la colaboraci\u00f3n de diferentes profesionales del sector, en las diferentes granjas experimentales que posee.<\/p>\n<p style=\"text-align: justify;\"><a href=\"http:\/\/santasmasas.com\/wp-content\/uploads\/2019\/08\/ELP2244-copia.jpg\"><img decoding=\"async\" loading=\"lazy\" class=\"aligncenter wp-image-746\" src=\"http:\/\/santasmasas.com\/wp-content\/uploads\/2019\/08\/ELP2244-copia.jpg\" alt=\"_ELP2244 copia\" width=\"600\" height=\"342\" \/><\/a><\/p>\n<p style=\"text-align: justify;\">Entre las diferentes l\u00edneas de investigaci\u00f3n cabe destacar entre otros:<\/p>\n<ul style=\"text-align: justify;\">\n<li>La utilizaci\u00f3n de piensos con <strong>Omega-3<\/strong> y sus beneficios en la salud humana.<\/li>\n<li>Una <strong>alimentaci\u00f3n sin uso de medicamentos<\/strong>, con dietas menos proteicas y con m\u00e1s fibra.<\/li>\n<li>Mejorando el <strong>bienestar animal<\/strong>, disminuyendo la densidad de los animales, lo que conlleva a una disminuci\u00f3n del estr\u00e9s asociado y del uso de medicamentos.<\/li>\n<li>Tomando medidas en cuanto a la <strong>bioseguridad<\/strong>, control exhaustivo de las 3D, as\u00ed como los factores de contagios externos.<\/li>\n<li>Investigaci\u00f3n en los <strong>sistemas de alimentaci\u00f3n<\/strong> para producir mayor digestibilidad y menor consumo.<\/li>\n<li>Desarrollos de diferentes <strong>sistemas de luminosidad y ventilaci\u00f3n<\/strong>, para el bienestar animal y reducci\u00f3n de antibi\u00f3ticos.<\/li>\n<li>Control de la <strong>calidad del agua<\/strong> y su influencia microbiol\u00f3gica en los animales, ya que el agua es un nutriente clave y un potencial veh\u00edculo de transmisi\u00f3n de pat\u00f3genos.<\/li>\n<\/ul>\n<p>&nbsp;<\/p>\n<p>&nbsp;<\/p>\n<p>&nbsp;<\/p>\n","protected":false},"excerpt":{"rendered":"<p>Agropecuaria Santas Masas, S.L., posee un equipo de I+D+I propio, el cual est\u00e1 en continuo desarrollo. Se tienen diferentes l\u00edneas de investigaci\u00f3n y desarrollo, siempre enfocado al bienestar animal y salud humana. Esto se realiza mediante la colaboraci\u00f3n de universidades, como la de Zaragoza y la colaboraci\u00f3n de diferentes profesionales del sector, en las diferentes [&hellip;]<\/p>\n","protected":false},"author":1,"featured_media":0,"parent":0,"menu_order":47,"comment_status":"closed","ping_status":"closed","template":"","meta":[],"_links":{"self":[{"href":"https:\/\/santasmasas.com\/index.php?rest_route=\/wp\/v2\/pages\/497"}],"collection":[{"href":"https:\/\/santasmasas.com\/index.php?rest_route=\/wp\/v2\/pages"}],"about":[{"href":"https:\/\/santasmasas.com\/index.php?rest_route=\/wp\/v2\/types\/page"}],"author":[{"embeddable":true,"href":"https:\/\/santasmasas.com\/index.php?rest_route=\/wp\/v2\/users\/1"}],"replies":[{"embeddable":true,"href":"https:\/\/santasmasas.com\/index.php?rest_route=%2Fwp%2Fv2%2Fcomments&post=497"}],"version-history":[{"count":4,"href":"https:\/\/santasmasas.com\/index.php?rest_route=\/wp\/v2\/pages\/497\/revisions"}],"predecessor-version":[{"id":3227,"href":"https:\/\/santasmasas.com\/index.php?rest_route=\/wp\/v2\/pages\/497\/revisions\/3227"}],"wp:attachment":[{"href":"https:\/\/santasmasas.com\/index.php?rest_route=%2Fwp%2Fv2%2Fmedia&parent=497"}],"curies":[{"name":"wp","href":"https:\/\/api.w.org\/{rel}","templated":true}]}}