{"id":279,"date":"2014-08-26T13:10:15","date_gmt":"2014-08-26T13:10:15","guid":{"rendered":"http:\/\/santasmasas.codeteam.es\/?page_id=279"},"modified":"2023-03-09T18:05:30","modified_gmt":"2023-03-09T18:05:30","slug":"historia","status":"publish","type":"page","link":"https:\/\/santasmasas.com\/?page_id=279","title":{"rendered":"HISTORIA"},"content":{"rendered":"<p style=\"text-align: justify;\">Todo empez\u00f3 a partir de la peque\u00f1a ganader\u00eda familiar, la cual se llevaba explotando a\u00f1os atr\u00e1s. Debido al buen trato, manejo del ganado, al duro trabajo y nuestro af\u00e1n de superaci\u00f3n se ve\u00eda que pod\u00edamos ser muy competitivos en el mercado. Por lo que se fund\u00f3 Agropecuaria Santas Masas, S.L. empresa dedicada exclusivamente en sus inicios a la cr\u00eda y engorde de ganado vacuno. Se fueron construyendo nuevas explotaciones entorno a la ganader\u00eda familiar, a medida que iba creciendo nuestra capacidad de manejo, control y gesti\u00f3n, as\u00ed como, las demandas de nuestros clientes. Debido al crecimiento constante hubo que optar por la construcci\u00f3n de nuevas oficinas, y a poner en marcha el sistema de integraci\u00f3n ganadera por diversas explotaciones de la Comunidad de Arag\u00f3n y Provincia de L\u00e9rida.<\/p>\n<p style=\"text-align: justify;\">A medida que ha ido pasando el tiempo ha ido abarcando todos los \u00e1mbitos relacionados con el Bovino, como es la comercializaci\u00f3n de canales, certificaciones, vacas nodrizas, servicios ganaderos\u2026 As\u00ed como su expansi\u00f3n internacional, exportando e importando gran n\u00famero de animales. Tambi\u00e9n ha entrado en otros sectores, como son el cebo de corderos y agricultura.<\/p>\n<p style=\"text-align: justify;\">Hasta llegar a nuestros tiempos Agropecuaria Santas Masas, con su mentalidad, con su esmero por el trabajo bien hecho, su gran profesionalidad y su capacidad de adaptaci\u00f3n a las circunstancias del entorno y necesidades del mercado, se ha consolidado como una empresa muy fuerte dentro del sector agroalimentario.<\/p>\n<blockquote>\n<p style=\"text-align: justify;\"><strong>Nuestra estructura es din\u00e1mica y muy flexible para adaptarnos a las necesidades del mercado y de nuestros clientes, sea cual sea su rama de actividad dentro del sector<\/strong><\/p>\n<\/blockquote>\n","protected":false},"excerpt":{"rendered":"<p>Todo empez\u00f3 a partir de la peque\u00f1a ganader\u00eda familiar, la cual se llevaba explotando a\u00f1os atr\u00e1s. Debido al buen trato, manejo del ganado, al duro trabajo y nuestro af\u00e1n de superaci\u00f3n se ve\u00eda que pod\u00edamos ser muy competitivos en el mercado. Por lo que se fund\u00f3 Agropecuaria Santas Masas, S.L. empresa dedicada exclusivamente en sus [&hellip;]<\/p>\n","protected":false},"author":1,"featured_media":0,"parent":0,"menu_order":45,"comment_status":"closed","ping_status":"closed","template":"","meta":[],"_links":{"self":[{"href":"https:\/\/santasmasas.com\/index.php?rest_route=\/wp\/v2\/pages\/279"}],"collection":[{"href":"https:\/\/santasmasas.com\/index.php?rest_route=\/wp\/v2\/pages"}],"about":[{"href":"https:\/\/santasmasas.com\/index.php?rest_route=\/wp\/v2\/types\/page"}],"author":[{"embeddable":true,"href":"https:\/\/santasmasas.com\/index.php?rest_route=\/wp\/v2\/users\/1"}],"replies":[{"embeddable":true,"href":"https:\/\/santasmasas.com\/index.php?rest_route=%2Fwp%2Fv2%2Fcomments&post=279"}],"version-history":[{"count":3,"href":"https:\/\/santasmasas.com\/index.php?rest_route=\/wp\/v2\/pages\/279\/revisions"}],"predecessor-version":[{"id":3484,"href":"https:\/\/santasmasas.com\/index.php?rest_route=\/wp\/v2\/pages\/279\/revisions\/3484"}],"wp:attachment":[{"href":"https:\/\/santasmasas.com\/index.php?rest_route=%2Fwp%2Fv2%2Fmedia&parent=279"}],"curies":[{"name":"wp","href":"https:\/\/api.w.org\/{rel}","templated":true}]}}