{"id":19,"date":"2014-07-22T14:33:29","date_gmt":"2014-07-22T14:33:29","guid":{"rendered":"http:\/\/santasmasas.codeteam.es\/?page_id=19"},"modified":"2023-03-09T18:05:29","modified_gmt":"2023-03-09T18:05:29","slug":"empresa","status":"publish","type":"page","link":"https:\/\/santasmasas.com\/?page_id=19","title":{"rendered":"EMPRESA"},"content":{"rendered":"<p style=\"color: #000000; text-align: justify;\" align=\"justify\"><span class=\"txt_conte\" style=\"color: #000000;\"><span style=\"font-weight: bold;\">Agropecuaria Santas Masas S.L.,<\/span>\u00a0lleva m\u00e1s de 20 a\u00f1os dedicada al sector vacuno en general.<\/span><\/p>\n<p style=\"color: #000000; text-align: justify;\" align=\"justify\">En la actualidad, nuestra actividad se centra en el\u00a0<span style=\"font-weight: bold;\">engorde de ganado<\/span>, para ir evolucionando poco a poco hac\u00eda\u00a0<span style=\"font-weight: bold; font-style: italic;\">otras l\u00edneas de negocio<\/span>, siempre dentro del sector del vacuno de carne, ya que siempre se ha caracterizado por su capacidad de adaptaci\u00f3n a las condiciones del mercado en cada momento.<\/p>\n<p style=\"color: #000000; text-align: justify;\" align=\"justify\">En la actualidad es una empresa muy diversificada con diferentes ramas de actividad, como son la producci\u00f3n y engorde de ganado, la comercializaci\u00f3n de mamones y pasteros para engorde, la comercializaci\u00f3n de ganado para sacrificio y el comercio de canales frescas y despiece de canales.<\/p>\n<p style=\"color: #000000; text-align: justify;\" align=\"justify\">Nuestra\u00a0\u00a0estructura es\u00a0din\u00e1mica\u00a0y muy\u00a0flexible\u00a0para adaptarnos a las necesidades de cada uno de nuestros clientes, sea cual sea su rama de actividad dentro del sector.<\/p>\n<p>&nbsp;<\/p>\n","protected":false},"excerpt":{"rendered":"<p>Agropecuaria Santas Masas S.L.,\u00a0lleva m\u00e1s de 20 a\u00f1os dedicada al sector vacuno en general. En la actualidad, nuestra actividad se centra en el\u00a0engorde de ganado, para ir evolucionando poco a poco hac\u00eda\u00a0otras l\u00edneas de negocio, siempre dentro del sector del vacuno de carne, ya que siempre se ha caracterizado por su capacidad de adaptaci\u00f3n a [&hellip;]<\/p>\n","protected":false},"author":1,"featured_media":0,"parent":0,"menu_order":30,"comment_status":"closed","ping_status":"open","template":"","meta":[],"_links":{"self":[{"href":"https:\/\/santasmasas.com\/index.php?rest_route=\/wp\/v2\/pages\/19"}],"collection":[{"href":"https:\/\/santasmasas.com\/index.php?rest_route=\/wp\/v2\/pages"}],"about":[{"href":"https:\/\/santasmasas.com\/index.php?rest_route=\/wp\/v2\/types\/page"}],"author":[{"embeddable":true,"href":"https:\/\/santasmasas.com\/index.php?rest_route=\/wp\/v2\/users\/1"}],"replies":[{"embeddable":true,"href":"https:\/\/santasmasas.com\/index.php?rest_route=%2Fwp%2Fv2%2Fcomments&post=19"}],"version-history":[{"count":6,"href":"https:\/\/santasmasas.com\/index.php?rest_route=\/wp\/v2\/pages\/19\/revisions"}],"predecessor-version":[{"id":3433,"href":"https:\/\/santasmasas.com\/index.php?rest_route=\/wp\/v2\/pages\/19\/revisions\/3433"}],"wp:attachment":[{"href":"https:\/\/santasmasas.com\/index.php?rest_route=%2Fwp%2Fv2%2Fmedia&parent=19"}],"curies":[{"name":"wp","href":"https:\/\/api.w.org\/{rel}","templated":true}]}}